{"id":13,"date":"2020-07-09T15:47:59","date_gmt":"2020-07-09T13:47:59","guid":{"rendered":"https:\/\/fotozapiski.pl\/?page_id=13"},"modified":"2020-07-09T15:47:59","modified_gmt":"2020-07-09T13:47:59","slug":"kontakt","status":"publish","type":"page","link":"https:\/\/fotozapiski.pl\/index.php\/kontakt\/","title":{"rendered":"Kontakt"},"content":{"rendered":"\n<p>Strona z podstawowymi informacjami kontaktowymi, takimi jak adres, numer telefonu. Mo\u017cna tak\u017ce spr\u00f3bowa\u0107 wtyczki, za pomoc\u0105 kt\u00f3rej dodamy formularz kontaktowy.<\/p>\n","protected":false},"excerpt":{"rendered":"<p>Strona z podstawowymi informacjami kontaktowymi, takimi jak adres, numer telefonu. Mo\u017cna tak\u017ce spr\u00f3bowa\u0107 wtyczki, za pomoc\u0105 kt\u00f3rej dodamy formularz kontaktowy.<\/p>\n","protected":false},"author":1,"featured_media":0,"parent":0,"menu_order":0,"comment_status":"closed","ping_status":"closed","template":"","meta":{"footnotes":""},"class_list":["post-13","page","type-page","status-publish","hentry"],"_links":{"self":[{"href":"https:\/\/fotozapiski.pl\/index.php\/wp-json\/wp\/v2\/pages\/13"}],"collection":[{"href":"https:\/\/fotozapiski.pl\/index.php\/wp-json\/wp\/v2\/pages"}],"about":[{"href":"https:\/\/fotozapiski.pl\/index.php\/wp-json\/wp\/v2\/types\/page"}],"author":[{"embeddable":true,"href":"https:\/\/fotozapiski.pl\/index.php\/wp-json\/wp\/v2\/users\/1"}],"replies":[{"embeddable":true,"href":"https:\/\/fotozapiski.pl\/index.php\/wp-json\/wp\/v2\/comments?post=13"}],"version-history":[{"count":1,"href":"https:\/\/fotozapiski.pl\/index.php\/wp-json\/wp\/v2\/pages\/13\/revisions"}],"predecessor-version":[{"id":23,"href":"https:\/\/fotozapiski.pl\/index.php\/wp-json\/wp\/v2\/pages\/13\/revisions\/23"}],"wp:attachment":[{"href":"https:\/\/fotozapiski.pl\/index.php\/wp-json\/wp\/v2\/media?parent=13"}],"curies":[{"name":"wp","href":"https:\/\/api.w.org\/{rel}","templated":true}]}}